{"id":5147,"date":"2025-04-26T18:20:50","date_gmt":"2025-04-26T15:20:50","guid":{"rendered":"https:\/\/ladyfify.com\/?page_id=5147"},"modified":"2025-04-26T18:20:51","modified_gmt":"2025-04-26T15:20:51","slug":"cerez-politikasi","status":"publish","type":"page","link":"https:\/\/ladyfify.com\/en\/cerez-politikasi\/","title":{"rendered":"\u00c7erez Politikas\u0131"},"content":{"rendered":"<div data-elementor-type=\"wp-page\" data-elementor-id=\"5147\" class=\"elementor elementor-5147\">\n\t\t\t\t<div class=\"elementor-element elementor-element-f4e6ff3 e-flex e-con-boxed wpr-particle-no wpr-jarallax-no wpr-parallax-no wpr-sticky-section-no e-con e-parent\" data-id=\"f4e6ff3\" data-element_type=\"container\">\n\t\t\t\t\t<div class=\"e-con-inner\">\n\t\t<div class=\"elementor-element elementor-element-77c36c9 e-con-full e-flex wpr-particle-no wpr-jarallax-no wpr-parallax-no wpr-sticky-section-no e-con e-child\" data-id=\"77c36c9\" data-element_type=\"container\">\n\t\t\t\t<div class=\"elementor-element elementor-element-53d4ffe rivax-align-left elementor-widget rivax-divider-heading-widget\" data-id=\"53d4ffe\" data-element_type=\"widget\" data-widget_type=\"rivax-divider-heading.default\">\n\t\t\t\t<div class=\"elementor-widget-container\">\n\t\t\t\t\t<div class=\"rivax-divider-heading-wrap\">\r\n    <div class=\"rivax-divider-heading divider-style-1\">\r\n        <div class=\"divider divider-1\"><\/div>\r\n        <div class=\"divider divider-2\"><\/div>\r\n        <h5 class=\"title\">\r\n                <span class=\"title-inner\">\r\n            <span class=\"title-text\">\r\n                                \u00c7erez Politikas\u0131            <\/span>\r\n                    <\/span>\r\n                <\/h5>\r\n        <div class=\"divider divider-3\"><\/div>\r\n        <div class=\"divider divider-4\"><\/div>\r\n    <\/div>\r\n<\/div>\t\t\t\t<\/div>\n\t\t\t\t<\/div>\n\t\t\t\t<div class=\"elementor-element elementor-element-109755a elementor-invisible elementor-widget elementor-widget-text-editor\" data-id=\"109755a\" data-element_type=\"widget\" data-settings=\"{&quot;_animation&quot;:&quot;slideInRight&quot;}\" data-widget_type=\"text-editor.default\">\n\t\t\t\t<div class=\"elementor-widget-container\">\n\t\t\t\t\t\t\t\t\t<h2 class=\"wp-block-heading\">1. \u00c7erez Nedir?<\/h2><p>Lady Fify olarak, web sitemizi (<a class=\"\" href=\"https:\/\/ladyfify.com\/en\/\">ladyfify.com<\/a>) ziyaret etti\u011finizde deneyiminizi geli\u015ftirmek amac\u0131yla \u00e7erezler kullan\u0131yoruz. \u00c7erezler, taray\u0131c\u0131n\u0131z arac\u0131l\u0131\u011f\u0131yla cihaz\u0131n\u0131za kaydedilen k\u00fc\u00e7\u00fck veri dosyalar\u0131d\u0131r. Bu dosyalar sayesinde site kullan\u0131m\u0131 kolayla\u015f\u0131r, tercihler hat\u0131rlan\u0131r ve hizmet kalitesi art\u0131r\u0131l\u0131r.<\/p><p>\u00a0<\/p><h2 class=\"wp-block-heading\">2. Kullan\u0131lan \u00c7erez T\u00fcrleri<\/h2><h3 class=\"wp-block-heading\">a) Zorunlu \u00c7erezler<\/h3><p>Web sitemizin temel i\u015flevlerini sa\u011flayan ve do\u011fru \u015fekilde \u00e7al\u0131\u015fmas\u0131 i\u00e7in gerekli olan \u00e7erezlerdir. Bu \u00e7erezler olmadan baz\u0131 b\u00f6l\u00fcmler d\u00fczg\u00fcn \u00e7al\u0131\u015fmayabilir.<\/p><p>\u00a0<\/p><h3 class=\"wp-block-heading\">b) Analitik \u00c7erezler<\/h3><p>Ziyaret\u00e7ilerimizin siteyi nas\u0131l kulland\u0131\u011f\u0131n\u0131 anlamam\u0131za yard\u0131mc\u0131 olan \u00e7erezlerdir. Bu sayede site performans\u0131n\u0131 \u00f6l\u00e7ebilir ve geli\u015ftirebiliriz.<\/p><p>\u00a0<\/p><h3 class=\"wp-block-heading\">c) Reklam ve Hedefleme \u00c7erezleri<\/h3><p>\u0130lgi alanlar\u0131na y\u00f6nelik i\u00e7erikler ve reklamlar sunabilmek i\u00e7in kullan\u0131lan \u00e7erezlerdir. \u00dc\u00e7\u00fcnc\u00fc taraf reklam hizmet sa\u011flay\u0131c\u0131lar\u0131 da bu t\u00fcr \u00e7erezleri kullanabilir.<\/p><p>\u00a0<\/p><h2 class=\"wp-block-heading\">3. \u00dc\u00e7\u00fcnc\u00fc Taraf \u00c7erezler<\/h2><p>Web sitemizde \u00fc\u00e7\u00fcnc\u00fc taraf hizmet sa\u011flay\u0131c\u0131lar taraf\u0131ndan yerle\u015ftirilen \u00e7erezler de kullan\u0131lmaktad\u0131r. \u00d6rne\u011fin, Google Analytics gibi analiz ara\u00e7lar\u0131 veya reklam hizmetleri sa\u011flayan platformlar \u00e7erezler yerle\u015ftirebilir. Bu \u00fc\u00e7\u00fcnc\u00fc taraflar\u0131n \u00e7erez kullan\u0131mlar\u0131, kendi gizlilik politikalar\u0131na tabidir.<\/p><p>\u00a0<\/p><h2 class=\"wp-block-heading\">4. \u00c7erezlerin Saklama S\u00fcresi<\/h2><p>Sitemizde kullan\u0131lan \u00e7erezler s\u00fcresiz olarak saklanmaktad\u0131r. Kullan\u0131c\u0131 taraf\u0131ndan manuel olarak taray\u0131c\u0131 ayarlar\u0131ndan silinmedik\u00e7e cihazda kalmaya devam eder.<\/p><p>\u00a0<\/p><h2 class=\"wp-block-heading\">5. \u00c7erezlerin Y\u00f6netimi<\/h2><p>\u00c7erez kullan\u0131m\u0131yla ilgili olarak, web sitemizi ilk ziyaretinizde bilgilendirme banner\u0131 arac\u0131l\u0131\u011f\u0131yla bilgilendirilirsiniz.<br \/>\u00c7erezleri taray\u0131c\u0131 ayarlar\u0131n\u0131z \u00fczerinden y\u00f6netebilir veya silebilirsiniz. \u00c7erezlerin devre d\u0131\u015f\u0131 b\u0131rak\u0131lmas\u0131, web sitesinin baz\u0131 i\u015flevlerinin tam olarak \u00e7al\u0131\u015fmamas\u0131na neden olabilir.<\/p><p>\u00c7erez ayarlar\u0131n\u0131 nas\u0131l y\u00f6netece\u011finize ili\u015fkin detayl\u0131 bilgiye a\u015fa\u011f\u0131daki ba\u011flant\u0131lardan ula\u015fabilirsiniz:<\/p><ul class=\"wp-block-list\"><li><a href=\"https:\/\/support.google.com\/chrome\/answer\/95647?hl=tr\" target=\"_blank\" rel=\"noopener\">Google Chrome<\/a><\/li><li><a class=\"\" href=\"https:\/\/support.mozilla.org\/tr\/kb\/cerezleri-silme-bilgilerini-temizleme\" target=\"_blank\" rel=\"noopener\">Mozilla Firefox<\/a><\/li><li><a class=\"\" href=\"https:\/\/support.apple.com\/tr-tr\/guide\/safari\/sfri11471\/mac\" target=\"_blank\" rel=\"noopener\">Safari<\/a><\/li><li><a class=\"\" href=\"https:\/\/support.microsoft.com\/tr-tr\/microsoft-edge\/cookies-ve-microsoft-edge-de-gizlilik-3a94ec8e-2b89-2a3a-9645-5c57b8e22fa6\" target=\"_blank\" rel=\"noopener\">Microsoft Edge<\/a><\/li><\/ul><h2 class=\"wp-block-heading\">6. \u0130leti\u015fim<\/h2><p>\u00c7erez Politikam\u0131z hakk\u0131nda sorular\u0131n\u0131z veya talepleriniz i\u00e7in bizimle ileti\u015fime ge\u00e7ebilirsiniz:<\/p><p>\ud83d\udce7\u00a0<strong>E-posta:<\/strong>\u00a0<a>ladyfify@outlook.com<\/a><\/p>\t\t\t\t\t\t\t\t<\/div>\n\t\t\t\t<\/div>\n\t\t\t\t<\/div>\n\t\t\t\t\t<\/div>\n\t\t\t\t<\/div>\n\t\t\t\t<\/div>","protected":false},"excerpt":{"rendered":"<p>\u00c7erez Politikas\u0131 1. \u00c7erez Nedir? Lady Fify olarak, web sitemizi (ladyfify.com) ziyaret etti\u011finizde deneyiminizi geli\u015ftirmek amac\u0131yla \u00e7erezler kullan\u0131yoruz. \u00c7erezler, taray\u0131c\u0131n\u0131z arac\u0131l\u0131\u011f\u0131yla cihaz\u0131n\u0131za kaydedilen k\u00fc\u00e7\u00fck veri dosyalar\u0131d\u0131r. Bu dosyalar sayesinde site kullan\u0131m\u0131 kolayla\u015f\u0131r, tercihler hat\u0131rlan\u0131r ve hizmet kalitesi art\u0131r\u0131l\u0131r. \u00a0 2. Kullan\u0131lan \u00c7erez T\u00fcrleri a) Zorunlu \u00c7erezler Web sitemizin temel i\u015flevlerini sa\u011flayan ve do\u011fru \u015fekilde \u00e7al\u0131\u015fmas\u0131 i\u00e7in gerekli olan \u00e7erezlerdir. Bu \u00e7erezler olmadan baz\u0131 b\u00f6l\u00fcmler d\u00fczg\u00fcn \u00e7al\u0131\u015fmayabilir. \u00a0 b) Analitik \u00c7erezler Ziyaret\u00e7ilerimizin siteyi nas\u0131l kulland\u0131\u011f\u0131n\u0131 anlamam\u0131za yard\u0131mc\u0131 olan \u00e7erezlerdir. Bu sayede site performans\u0131n\u0131 \u00f6l\u00e7ebilir ve geli\u015ftirebiliriz. \u00a0 c) Reklam ve Hedefleme \u00c7erezleri \u0130lgi alanlar\u0131na y\u00f6nelik i\u00e7erikler ve reklamlar sunabilmek i\u00e7in kullan\u0131lan \u00e7erezlerdir. \u00dc\u00e7\u00fcnc\u00fc taraf reklam hizmet sa\u011flay\u0131c\u0131lar\u0131 da bu t\u00fcr \u00e7erezleri kullanabilir. \u00a0 3. \u00dc\u00e7\u00fcnc\u00fc Taraf \u00c7erezler Web sitemizde \u00fc\u00e7\u00fcnc\u00fc taraf hizmet sa\u011flay\u0131c\u0131lar taraf\u0131ndan yerle\u015ftirilen \u00e7erezler de kullan\u0131lmaktad\u0131r. \u00d6rne\u011fin, Google Analytics gibi analiz ara\u00e7lar\u0131 veya reklam hizmetleri sa\u011flayan platformlar \u00e7erezler yerle\u015ftirebilir. Bu \u00fc\u00e7\u00fcnc\u00fc taraflar\u0131n \u00e7erez kullan\u0131mlar\u0131, kendi gizlilik politikalar\u0131na tabidir. \u00a0 4. \u00c7erezlerin Saklama S\u00fcresi Sitemizde kullan\u0131lan \u00e7erezler s\u00fcresiz olarak saklanmaktad\u0131r. Kullan\u0131c\u0131 taraf\u0131ndan manuel olarak taray\u0131c\u0131 ayarlar\u0131ndan silinmedik\u00e7e cihazda kalmaya devam eder. \u00a0 5. \u00c7erezlerin Y\u00f6netimi \u00c7erez kullan\u0131m\u0131yla ilgili olarak, web sitemizi ilk ziyaretinizde bilgilendirme banner\u0131 arac\u0131l\u0131\u011f\u0131yla bilgilendirilirsiniz.\u00c7erezleri taray\u0131c\u0131 ayarlar\u0131n\u0131z \u00fczerinden y\u00f6netebilir veya silebilirsiniz. \u00c7erezlerin devre d\u0131\u015f\u0131 b\u0131rak\u0131lmas\u0131, web sitesinin baz\u0131 i\u015flevlerinin tam olarak \u00e7al\u0131\u015fmamas\u0131na neden olabilir. \u00c7erez ayarlar\u0131n\u0131 nas\u0131l y\u00f6netece\u011finize ili\u015fkin detayl\u0131 bilgiye a\u015fa\u011f\u0131daki ba\u011flant\u0131lardan ula\u015fabilirsiniz: Google Chrome Mozilla Firefox Safari Microsoft Edge 6. \u0130leti\u015fim \u00c7erez Politikam\u0131z hakk\u0131nda sorular\u0131n\u0131z veya talepleriniz i\u00e7in bizimle ileti\u015fime ge\u00e7ebilirsiniz: \ud83d\udce7\u00a0E-posta:\u00a0ladyfify@outlook.com<\/p>","protected":false},"author":1,"featured_media":0,"parent":0,"menu_order":0,"comment_status":"closed","ping_status":"closed","template":"","meta":{"footnotes":""},"class_list":["post-5147","page","type-page","status-publish","hentry"],"_links":{"self":[{"href":"https:\/\/ladyfify.com\/en\/wp-json\/wp\/v2\/pages\/5147","targetHints":{"allow":["GET"]}}],"collection":[{"href":"https:\/\/ladyfify.com\/en\/wp-json\/wp\/v2\/pages"}],"about":[{"href":"https:\/\/ladyfify.com\/en\/wp-json\/wp\/v2\/types\/page"}],"author":[{"embeddable":true,"href":"https:\/\/ladyfify.com\/en\/wp-json\/wp\/v2\/users\/1"}],"replies":[{"embeddable":true,"href":"https:\/\/ladyfify.com\/en\/wp-json\/wp\/v2\/comments?post=5147"}],"version-history":[{"count":1,"href":"https:\/\/ladyfify.com\/en\/wp-json\/wp\/v2\/pages\/5147\/revisions"}],"predecessor-version":[{"id":5152,"href":"https:\/\/ladyfify.com\/en\/wp-json\/wp\/v2\/pages\/5147\/revisions\/5152"}],"wp:attachment":[{"href":"https:\/\/ladyfify.com\/en\/wp-json\/wp\/v2\/media?parent=5147"}],"curies":[{"name":"wp","href":"https:\/\/api.w.org\/{rel}","templated":true}]}}