{"id":3071,"date":"2024-09-28T12:13:11","date_gmt":"2024-09-28T12:13:11","guid":{"rendered":"https:\/\/demo.rivaxstudio.com\/syron\/main\/?page_id=3071"},"modified":"2025-04-26T14:28:32","modified_gmt":"2025-04-26T11:28:32","slug":"hakkimizda","status":"publish","type":"page","link":"https:\/\/ladyfify.com\/en\/hakkimizda\/","title":{"rendered":"Hakk\u0131m\u0131zda"},"content":{"rendered":"<div data-elementor-type=\"wp-page\" data-elementor-id=\"3071\" class=\"elementor elementor-3071\">\n\t\t\t\t<div class=\"elementor-element elementor-element-f4e6ff3 e-flex e-con-boxed wpr-particle-no wpr-jarallax-no wpr-parallax-no wpr-sticky-section-no e-con e-parent\" data-id=\"f4e6ff3\" data-element_type=\"container\">\n\t\t\t\t\t<div class=\"e-con-inner\">\n\t\t<div class=\"elementor-element elementor-element-77c36c9 e-con-full e-flex wpr-particle-no wpr-jarallax-no wpr-parallax-no wpr-sticky-section-no e-con e-child\" data-id=\"77c36c9\" data-element_type=\"container\">\n\t\t\t\t<div class=\"elementor-element elementor-element-53d4ffe rivax-align-left elementor-widget rivax-divider-heading-widget\" data-id=\"53d4ffe\" data-element_type=\"widget\" data-widget_type=\"rivax-divider-heading.default\">\n\t\t\t\t<div class=\"elementor-widget-container\">\n\t\t\t\t\t<div class=\"rivax-divider-heading-wrap\">\r\n    <div class=\"rivax-divider-heading divider-style-1\">\r\n        <div class=\"divider divider-1\"><\/div>\r\n        <div class=\"divider divider-2\"><\/div>\r\n        <h5 class=\"title\">\r\n                <span class=\"title-inner\">\r\n            <span class=\"title-text\">\r\n                                Biz Kimiz?            <\/span>\r\n                    <\/span>\r\n                <\/h5>\r\n        <div class=\"divider divider-3\"><\/div>\r\n        <div class=\"divider divider-4\"><\/div>\r\n    <\/div>\r\n<\/div>\t\t\t\t<\/div>\n\t\t\t\t<\/div>\n\t\t\t\t<div class=\"elementor-element elementor-element-fa44ac1 elementor-invisible elementor-widget rivax-advanced-heading-widget\" data-id=\"fa44ac1\" data-element_type=\"widget\" data-settings=\"{&quot;_animation&quot;:&quot;slideInDown&quot;}\" data-widget_type=\"rivax-advanced-heading.default\">\n\t\t\t\t<div class=\"elementor-widget-container\">\n\t\t\t\t\t\r\n<h3 class=\"rivax-advanced-heading-tag\">\r\n<span class=\"rivax-advanced-heading-wrap\" data-background-text=\"\">\r\n        <span class=\"rivax-advanced-heading-one\">Lady Fify, 2024 y\u0131l\u0131n\u0131n sonunda giri\u015fimci kad\u0131nlar\u0131n deste\u011fiyle kurulmu\u015f, evcil hayvanlara y\u00f6nelik \u00fcr\u00fcn ve hizmetler sunan bir markad\u0131r.<\/span>\r\n                <span class=\"rivax-advanced-heading-border\"><\/span>\r\n<\/span>\r\n<\/h3>\t\t\t\t<\/div>\n\t\t\t\t<\/div>\n\t\t\t\t<div class=\"elementor-element elementor-element-109755a elementor-invisible elementor-widget elementor-widget-text-editor\" data-id=\"109755a\" data-element_type=\"widget\" data-settings=\"{&quot;_animation&quot;:&quot;slideInRight&quot;}\" data-widget_type=\"text-editor.default\">\n\t\t\t\t<div class=\"elementor-widget-container\">\n\t\t\t\t\t\t\t\t\t<p class=\"\" data-start=\"142\" data-end=\"463\">\u0130stanbul Kad\u0131k\u00f6y merkezli olarak faaliyet g\u00f6steren \u015firketimiz, hem sevimli dostlar\u0131m\u0131za hem de onlar\u0131n ailelerine g\u00fcvenilir, kaliteli ve yenilik\u00e7i \u00e7\u00f6z\u00fcmler sunmay\u0131 hedeflemektedir.<\/p><p data-start=\"142\" data-end=\"463\">\u00a0<\/p><p class=\"\" data-start=\"465\" data-end=\"839\">Kurulu\u015fumuzun temelinde, el eme\u011finin ve yerel \u00fcretimin g\u00fcc\u00fcne olan inan\u00e7 yer al\u0131r. Bu do\u011frultuda, \u00f6zenle haz\u0131rlanan el yap\u0131m\u0131 evcil hayvan giysilerinin yan\u0131 s\u0131ra, geni\u015f \u00fcr\u00fcn yelpazemizde t\u00fcm temel petshop ihtiya\u00e7lar\u0131na da yer veriyoruz. \u00dcr\u00fcnlerimizin se\u00e7iminde kalite, konfor ve fonksiyonelli\u011fi \u00f6n planda tutarak, patili dostlar\u0131m\u0131z\u0131n ya\u015fam kalitesini art\u0131rmay\u0131 ama\u00e7l\u0131yoruz.<\/p><p data-start=\"465\" data-end=\"839\">\u00a0<\/p><p class=\"\" data-start=\"841\" data-end=\"1175\">Aktif olarak <span style=\"color: #3366ff;\"><strong data-start=\"854\" data-end=\"869\">Hepsiburada<\/strong><\/span> ve <span style=\"color: #3366ff;\"><strong data-start=\"873\" data-end=\"885\">Trendyol<\/strong><\/span> gibi T\u00fcrkiye\u2019nin \u00f6nde gelen pazaryerlerinde yer al\u0131yor, \u00fcr\u00fcnlerimizi daha fazla evcil hayvanseverle bulu\u015fturuyoruz. Online ma\u011faza kanallar\u0131m\u0131z \u00fczerinden h\u0131zl\u0131 ve g\u00fcvenli al\u0131\u015fveri\u015f deneyimi sunarken, s\u00fcrekli geli\u015fen ihtiya\u00e7lara uyum sa\u011flamak i\u00e7in \u00fcr\u00fcn gam\u0131m\u0131z\u0131 d\u00fczenli olarak g\u00fcncelliyoruz.<\/p><p data-start=\"841\" data-end=\"1175\">\u00a0<\/p><p class=\"\" data-start=\"1177\" data-end=\"1631\">Teknoloji ve sekt\u00f6rdeki yenilikleri yak\u0131ndan takip eden bir ekip olarak, yaln\u0131zca \u00fcr\u00fcn \u00e7e\u015fitlili\u011finde de\u011fil; ileti\u015fim ve hizmet anlay\u0131\u015f\u0131m\u0131zda da s\u00fcrekli iyile\u015fmeyi hedefliyoruz. Bu yakla\u015f\u0131m\u0131m\u0131z\u0131 sosyal medya platformlar\u0131nda da s\u00fcrd\u00fcr\u00fcyoruz. \u00d6zellikle <strong data-start=\"1428\" data-end=\"1441\">Instagram<\/strong> \u00fczerindeki <a class=\"\" href=\"https:\/\/www.instagram.com\/ladyfifypetshop\" target=\"_new\" rel=\"noopener\" data-start=\"1453\" data-end=\"1514\">@ladyfifypetshop<\/a> hesab\u0131m\u0131zda, hem yeni \u00fcr\u00fcnlerimizi hem de evcil dostlar\u0131m\u0131z\u0131n hayat\u0131na de\u011fer katacak g\u00fcncel i\u00e7erikleri payla\u015f\u0131yoruz.<\/p><p data-start=\"1177\" data-end=\"1631\">\u00a0<\/p><p class=\"\" data-start=\"1633\" data-end=\"1885\">Lady Fify, i\u015fini sadece bir ticaret faaliyeti olarak g\u00f6rmez.<br data-start=\"1693\" data-end=\"1696\" \/>Evcil hayvan sahiplenmenin b\u00fcy\u00fck bir sorumluluk oldu\u011funun bilinciyle, bilin\u00e7li sahiplenmeyi destekleyen, do\u011fru bak\u0131m ve sevgi temelli bir yakla\u015f\u0131m\u0131 yayg\u0131nla\u015ft\u0131rmay\u0131 da kendine g\u00f6rev edinir.<\/p><p data-start=\"1633\" data-end=\"1885\">\u00a0<\/p><p class=\"\" data-start=\"1887\" data-end=\"2051\">Bug\u00fcn oldu\u011fu gibi gelecekte de, patili dostlar\u0131n mutlulu\u011funu ve sa\u011fl\u0131\u011f\u0131n\u0131 \u00f6ncelik alarak b\u00fcy\u00fcmeye, geli\u015fmeye ve evcil hayvan d\u00fcnyas\u0131na de\u011fer katmaya devam edece\u011fiz.<\/p>\t\t\t\t\t\t\t\t<\/div>\n\t\t\t\t<\/div>\n\t\t\t\t<\/div>\n\t\t\t\t\t<\/div>\n\t\t\t\t<\/div>\n\t\t\t\t<\/div>","protected":false},"excerpt":{"rendered":"<p>Biz Kimiz? Lady Fify, 2024 y\u0131l\u0131n\u0131n sonunda giri\u015fimci kad\u0131nlar\u0131n deste\u011fiyle kurulmu\u015f, evcil hayvanlara y\u00f6nelik \u00fcr\u00fcn ve hizmetler sunan bir markad\u0131r. \u0130stanbul Kad\u0131k\u00f6y merkezli olarak faaliyet g\u00f6steren \u015firketimiz, hem sevimli dostlar\u0131m\u0131za hem de onlar\u0131n ailelerine g\u00fcvenilir, kaliteli ve yenilik\u00e7i \u00e7\u00f6z\u00fcmler sunmay\u0131 hedeflemektedir. \u00a0 Kurulu\u015fumuzun temelinde, el eme\u011finin ve yerel \u00fcretimin g\u00fcc\u00fcne olan inan\u00e7 yer al\u0131r. Bu do\u011frultuda, \u00f6zenle haz\u0131rlanan el yap\u0131m\u0131 evcil hayvan giysilerinin yan\u0131 s\u0131ra, geni\u015f \u00fcr\u00fcn yelpazemizde t\u00fcm temel petshop ihtiya\u00e7lar\u0131na da yer veriyoruz. \u00dcr\u00fcnlerimizin se\u00e7iminde kalite, konfor ve fonksiyonelli\u011fi \u00f6n planda tutarak, patili dostlar\u0131m\u0131z\u0131n ya\u015fam kalitesini art\u0131rmay\u0131 ama\u00e7l\u0131yoruz. \u00a0 Aktif olarak Hepsiburada ve Trendyol gibi T\u00fcrkiye\u2019nin \u00f6nde gelen pazaryerlerinde yer al\u0131yor, \u00fcr\u00fcnlerimizi daha fazla evcil hayvanseverle bulu\u015fturuyoruz. Online ma\u011faza kanallar\u0131m\u0131z \u00fczerinden h\u0131zl\u0131 ve g\u00fcvenli al\u0131\u015fveri\u015f deneyimi sunarken, s\u00fcrekli geli\u015fen ihtiya\u00e7lara uyum sa\u011flamak i\u00e7in \u00fcr\u00fcn gam\u0131m\u0131z\u0131 d\u00fczenli olarak g\u00fcncelliyoruz. \u00a0 Teknoloji ve sekt\u00f6rdeki yenilikleri yak\u0131ndan takip eden bir ekip olarak, yaln\u0131zca \u00fcr\u00fcn \u00e7e\u015fitlili\u011finde de\u011fil; ileti\u015fim ve hizmet anlay\u0131\u015f\u0131m\u0131zda da s\u00fcrekli iyile\u015fmeyi hedefliyoruz. Bu yakla\u015f\u0131m\u0131m\u0131z\u0131 sosyal medya platformlar\u0131nda da s\u00fcrd\u00fcr\u00fcyoruz. \u00d6zellikle Instagram \u00fczerindeki @ladyfifypetshop hesab\u0131m\u0131zda, hem yeni \u00fcr\u00fcnlerimizi hem de evcil dostlar\u0131m\u0131z\u0131n hayat\u0131na de\u011fer katacak g\u00fcncel i\u00e7erikleri payla\u015f\u0131yoruz. \u00a0 Lady Fify, i\u015fini sadece bir ticaret faaliyeti olarak g\u00f6rmez.Evcil hayvan sahiplenmenin b\u00fcy\u00fck bir sorumluluk oldu\u011funun bilinciyle, bilin\u00e7li sahiplenmeyi destekleyen, do\u011fru bak\u0131m ve sevgi temelli bir yakla\u015f\u0131m\u0131 yayg\u0131nla\u015ft\u0131rmay\u0131 da kendine g\u00f6rev edinir. \u00a0 Bug\u00fcn oldu\u011fu gibi gelecekte de, patili dostlar\u0131n mutlulu\u011funu ve sa\u011fl\u0131\u011f\u0131n\u0131 \u00f6ncelik alarak b\u00fcy\u00fcmeye, geli\u015fmeye ve evcil hayvan d\u00fcnyas\u0131na de\u011fer katmaya devam edece\u011fiz.<\/p>","protected":false},"author":1,"featured_media":0,"parent":0,"menu_order":0,"comment_status":"closed","ping_status":"closed","template":"","meta":{"footnotes":""},"class_list":["post-3071","page","type-page","status-publish","hentry"],"_links":{"self":[{"href":"https:\/\/ladyfify.com\/en\/wp-json\/wp\/v2\/pages\/3071","targetHints":{"allow":["GET"]}}],"collection":[{"href":"https:\/\/ladyfify.com\/en\/wp-json\/wp\/v2\/pages"}],"about":[{"href":"https:\/\/ladyfify.com\/en\/wp-json\/wp\/v2\/types\/page"}],"author":[{"embeddable":true,"href":"https:\/\/ladyfify.com\/en\/wp-json\/wp\/v2\/users\/1"}],"replies":[{"embeddable":true,"href":"https:\/\/ladyfify.com\/en\/wp-json\/wp\/v2\/comments?post=3071"}],"version-history":[{"count":5,"href":"https:\/\/ladyfify.com\/en\/wp-json\/wp\/v2\/pages\/3071\/revisions"}],"predecessor-version":[{"id":5135,"href":"https:\/\/ladyfify.com\/en\/wp-json\/wp\/v2\/pages\/3071\/revisions\/5135"}],"wp:attachment":[{"href":"https:\/\/ladyfify.com\/en\/wp-json\/wp\/v2\/media?parent=3071"}],"curies":[{"name":"wp","href":"https:\/\/api.w.org\/{rel}","templated":true}]}}